{"id":1365,"date":"2025-06-26T10:25:05","date_gmt":"2025-06-26T10:25:05","guid":{"rendered":"https:\/\/forestgreen-crow-641120.hostingersite.com\/?page_id=1365"},"modified":"2025-06-26T10:25:06","modified_gmt":"2025-06-26T10:25:06","slug":"politica-de-privacidad","status":"publish","type":"page","link":"https:\/\/marketingibizaa.com\/en\/politica-de-privacidad\/","title":{"rendered":"Privacy Policy"},"content":{"rendered":"<p>This Privacy Policy regulates the treatment and protection of personal data of users and customers that may be collected by browsing or contracting services through the website. <a class=\"\" href=\"https:\/\/marketingibizaa.com\/en\/\">https:\/\/marketingibizaa.com<\/a>.<\/p>\n\n\n\n<p>The Holder guarantees compliance with the regulations in force regarding the protection of personal data, according to the <strong>Organic Law 3\/2018<\/strong>of December 5, on the Protection of Personal Data and Guarantee of Digital Rights (LOPDGDD), and to the <strong>Regulation (EU) 2016\/679<\/strong> of the European Parliament and of the Council of 27 April 2016 (GDPR).<\/p>\n\n\n\n<p>The use of this website implies the acceptance of this Privacy Policy and the conditions contained in the Legal Notice.<\/p>\n\n\n\n<h3 class=\"wp-block-heading\">Identity of the responsible party<\/h3>\n\n\n\n<ul class=\"wp-block-list\">\n<li><strong>Holder<\/strong>: Alejandro De Haba<\/li>\n\n\n\n<li><strong>TAX ID\/CIF<\/strong>: 53763113S<\/li>\n\n\n\n<li><strong>E-mail address<\/strong>: <a>info@marketingibizaa.com<\/a><\/li>\n\n\n\n<li><strong>Web Site<\/strong>: <a class=\"\" href=\"https:\/\/marketingibizaa.com\/en\/\">https:\/\/marketingibizaa.com<\/a><\/li>\n\n\n\n<li><strong>Address<\/strong>: C\/ Crer. Burgos 2, 2\u00ba 1, 07829 Sant Josep de sa Talaia, Ibiza<\/li>\n<\/ul>\n\n\n\n<h3 class=\"wp-block-heading\">Principles applied in data processing<\/h3>\n\n\n\n<p>The Holder shall apply the following principles:<\/p>\n\n\n\n<ul class=\"wp-block-list\">\n<li><strong>Fairness, loyalty and transparency<\/strong>Processing will be legitimate, informed and transparent.<\/li>\n\n\n\n<li><strong>Data minimization<\/strong>Only strictly necessary data will be collected.<\/li>\n\n\n\n<li><strong>Limitation of the conservation period<\/strong>Data will be kept for as long as necessary.<\/li>\n\n\n\n<li><strong>Integrity and confidentiality<\/strong>The treatment will guarantee the security and confidentiality of the data.<\/li>\n<\/ul>\n\n\n\n<h3 class=\"wp-block-heading\">Collection of personal data<\/h3>\n\n\n\n<p>It is not necessary to provide personal data to browse the website. Data is collected only in the following cases:<\/p>\n\n\n\n<ul class=\"wp-block-list\">\n<li>By contacting us through the contact form or e-mail.<\/li>\n\n\n\n<li>By subscribing to newsletters or bulletins.<\/li>\n\n\n\n<li>When contracting any of our services.<\/li>\n<\/ul>\n\n\n\n<h3 class=\"wp-block-heading\">User's rights<\/h3>\n\n\n\n<p>You have the right to:<\/p>\n\n\n\n<ul class=\"wp-block-list\">\n<li>Access to your personal data.<\/li>\n\n\n\n<li>Request its rectification or suppression.<\/li>\n\n\n\n<li>Request the limitation of your treatment.<\/li>\n\n\n\n<li>Oppose treatment.<\/li>\n\n\n\n<li>Request data portability.<\/li>\n<\/ul>\n\n\n\n<p>You can exercise these rights by writing to <strong><a>info@marketingibizaa.com<\/a><\/strong>including a copy of the ID card or other valid identification document.<\/p>\n\n\n\n<p>You can also file a complaint with the Spanish Data Protection Agency if you believe that the regulations have been violated.<\/p>\n\n\n\n<h3 class=\"wp-block-heading\">Purpose of data processing<\/h3>\n\n\n\n<p>Personal data are processed for the following purposes:<\/p>\n\n\n\n<ul class=\"wp-block-list\">\n<li><strong>Contact Forms<\/strong>: To respond to inquiries, requests or communications.<\/li>\n\n\n\n<li><strong>Subscriptions<\/strong>For the sending of newsletters, commercial or informative communications.<\/li>\n\n\n\n<li><strong>Analysis<\/strong>: To improve site performance and navigation.<\/li>\n\n\n\n<li><strong>Social networks<\/strong>: To manage the relationship with followers and contacts.<\/li>\n<\/ul>\n\n\n\n<p>The data will be kept for the time necessary to fulfill the above purposes or until you request its deletion.<\/p>\n\n\n\n<h3 class=\"wp-block-heading\">Personal data security<\/h3>\n\n\n\n<p>The Data Controller implements technical and organizational measures to ensure the security of personal data.<\/p>\n\n\n\n<p>The website is hosted at <strong>Arsys<\/strong>which provides a secure environment and complies with data protection regulations. You can consult its privacy policy on its official website.<\/p>\n\n\n\n<h3 class=\"wp-block-heading\">Content from other websites<\/h3>\n\n\n\n<p>The site may include embedded content (videos, articles, images, etc.) from third parties, which may collect information, use cookies or incorporate external tracking tools.<\/p>\n\n\n\n<h3 class=\"wp-block-heading\">Cookie Policy<\/h3>\n\n\n\n<p>The website uses cookies to improve the user experience. You can consult all the information on the specific page of <strong>Cookies Policy<\/strong>.<\/p>\n\n\n\n<h3 class=\"wp-block-heading\">Legitimacy for the treatment<\/h3>\n\n\n\n<p>The legal basis for the treatment is the <strong>user consent<\/strong>. By submitting a form, registering or interacting with the site, you expressly agree to this Privacy Policy.<\/p>\n\n\n\n<h3 class=\"wp-block-heading\">Data categories<\/h3>\n\n\n\n<p>The data processed are of type <strong>identifier<\/strong>: first name, last name, e-mail, telephone, IP address, etc.<\/p>\n\n\n\n<h3 class=\"wp-block-heading\">Addressees<\/h3>\n\n\n\n<p>The data will not be disclosed to third parties, unless required by law. If third party services are used (such as email marketing platforms), it will be ensured that they are located in countries with an adequate level of protection.<\/p>\n\n\n\n<h3 class=\"wp-block-heading\">Web browsing<\/h3>\n\n\n\n<p>When browsing the site, non-identifying data such as IP, approximate location, browsing habits or operating system may be collected for statistical or analytical purposes, using tools such as:<\/p>\n\n\n\n<ul class=\"wp-block-list\">\n<li>Google Analytics<\/li>\n\n\n\n<li>Google DoubleClick<\/li>\n<\/ul>\n\n\n\n<h3 class=\"wp-block-heading\">Accuracy of data<\/h3>\n\n\n\n<p>As a user, you are responsible for the accuracy and veracity of the data you provide. The Holder disclaims any liability in this regard.<\/p>\n\n\n\n<h3 class=\"wp-block-heading\">Acceptance and consent<\/h3>\n\n\n\n<p>By browsing the site, submitting a form or subscribing, you declare that you have been informed of and accept this Privacy Policy.<\/p>\n\n\n\n<h3 class=\"wp-block-heading\">Revocability<\/h3>\n\n\n\n<p>You may revoke your consent at any time by contacting <strong><a>info@marketingibizaa.com<\/a><\/strong>together with valid proof of identity.<\/p>\n\n\n\n<h3 class=\"wp-block-heading\">Changes in the Privacy Policy<\/h3>\n\n\n\n<p>The Owner reserves the right to modify this policy to adapt it to new legislation or changes in the activity. The current version will always be the one published on the website.<\/p>","protected":false},"excerpt":{"rendered":"<p>This Privacy Policy regulates the treatment and protection of the personal data of users and clients [...]<\/p>","protected":false},"author":1,"featured_media":0,"parent":0,"menu_order":0,"comment_status":"closed","ping_status":"closed","template":"","meta":{"_uag_custom_page_level_css":"","site-sidebar-layout":"default","site-content-layout":"","ast-site-content-layout":"default","site-content-style":"default","site-sidebar-style":"default","ast-global-header-display":"","ast-banner-title-visibility":"","ast-main-header-display":"","ast-hfb-above-header-display":"","ast-hfb-below-header-display":"","ast-hfb-mobile-header-display":"","site-post-title":"","ast-breadcrumbs-content":"","ast-featured-img":"","footer-sml-layout":"","theme-transparent-header-meta":"","adv-header-id-meta":"","stick-header-meta":"","header-above-stick-meta":"","header-main-stick-meta":"","header-below-stick-meta":"","astra-migrate-meta-layouts":"default","ast-page-background-enabled":"default","ast-page-background-meta":{"desktop":{"background-color":"var(--ast-global-color-4)","background-image":"","background-repeat":"repeat","background-position":"center center","background-size":"auto","background-attachment":"scroll","background-type":"","background-media":"","overlay-type":"","overlay-color":"","overlay-opacity":"","overlay-gradient":""},"tablet":{"background-color":"","background-image":"","background-repeat":"repeat","background-position":"center center","background-size":"auto","background-attachment":"scroll","background-type":"","background-media":"","overlay-type":"","overlay-color":"","overlay-opacity":"","overlay-gradient":""},"mobile":{"background-color":"","background-image":"","background-repeat":"repeat","background-position":"center center","background-size":"auto","background-attachment":"scroll","background-type":"","background-media":"","overlay-type":"","overlay-color":"","overlay-opacity":"","overlay-gradient":""}},"ast-content-background-meta":{"desktop":{"background-color":"var(--ast-global-color-5)","background-image":"","background-repeat":"repeat","background-position":"center center","background-size":"auto","background-attachment":"scroll","background-type":"","background-media":"","overlay-type":"","overlay-color":"","overlay-opacity":"","overlay-gradient":""},"tablet":{"background-color":"var(--ast-global-color-5)","background-image":"","background-repeat":"repeat","background-position":"center center","background-size":"auto","background-attachment":"scroll","background-type":"","background-media":"","overlay-type":"","overlay-color":"","overlay-opacity":"","overlay-gradient":""},"mobile":{"background-color":"var(--ast-global-color-5)","background-image":"","background-repeat":"repeat","background-position":"center center","background-size":"auto","background-attachment":"scroll","background-type":"","background-media":"","overlay-type":"","overlay-color":"","overlay-opacity":"","overlay-gradient":""}},"footnotes":""},"class_list":["post-1365","page","type-page","status-publish","hentry"],"yoast_head":"<!-- This site is optimized with the Yoast SEO plugin v25.3.1 - https:\/\/yoast.com\/wordpress\/plugins\/seo\/ -->\n<title>Pol\u00edtica de Privacidad - Marketing Ibizaa<\/title>\n<meta name=\"robots\" content=\"index, follow, max-snippet:-1, max-image-preview:large, max-video-preview:-1\" \/>\n<link rel=\"canonical\" href=\"https:\/\/marketingibizaa.com\/en\/politica-de-privacidad\/\" \/>\n<meta property=\"og:locale\" content=\"en_US\" \/>\n<meta property=\"og:type\" content=\"article\" \/>\n<meta property=\"og:title\" content=\"Pol\u00edtica de Privacidad - Marketing Ibizaa\" \/>\n<meta property=\"og:description\" content=\"Esta Pol\u00edtica de Privacidad regula el tratamiento y protecci\u00f3n de los datos de car\u00e1cter personal de los usuarios y clientes [&hellip;]\" \/>\n<meta property=\"og:url\" content=\"https:\/\/marketingibizaa.com\/en\/politica-de-privacidad\/\" \/>\n<meta property=\"og:site_name\" content=\"Marketing Ibizaa\" \/>\n<meta property=\"article:modified_time\" content=\"2025-06-26T10:25:06+00:00\" \/>\n<meta name=\"twitter:card\" content=\"summary_large_image\" \/>\n<meta name=\"twitter:label1\" content=\"Est. reading time\" \/>\n\t<meta name=\"twitter:data1\" content=\"4 minutes\" \/>\n<script type=\"application\/ld+json\" class=\"yoast-schema-graph\">{\"@context\":\"https:\/\/schema.org\",\"@graph\":[{\"@type\":\"WebPage\",\"@id\":\"https:\/\/marketingibizaa.com\/en\/politica-de-privacidad\/\",\"url\":\"https:\/\/marketingibizaa.com\/en\/politica-de-privacidad\/\",\"name\":\"Pol\u00edtica de Privacidad - Marketing Ibizaa\",\"isPartOf\":{\"@id\":\"https:\/\/marketingibizaa.com\/#website\"},\"datePublished\":\"2025-06-26T10:25:05+00:00\",\"dateModified\":\"2025-06-26T10:25:06+00:00\",\"breadcrumb\":{\"@id\":\"https:\/\/marketingibizaa.com\/en\/politica-de-privacidad\/#breadcrumb\"},\"inLanguage\":\"en-US\",\"potentialAction\":[{\"@type\":\"ReadAction\",\"target\":[\"https:\/\/marketingibizaa.com\/en\/politica-de-privacidad\/\"]}]},{\"@type\":\"BreadcrumbList\",\"@id\":\"https:\/\/marketingibizaa.com\/en\/politica-de-privacidad\/#breadcrumb\",\"itemListElement\":[{\"@type\":\"ListItem\",\"position\":1,\"name\":\"Portada\",\"item\":\"https:\/\/marketingibizaa.com\/\"},{\"@type\":\"ListItem\",\"position\":2,\"name\":\"Pol\u00edtica de Privacidad\"}]},{\"@type\":\"WebSite\",\"@id\":\"https:\/\/marketingibizaa.com\/#website\",\"url\":\"https:\/\/marketingibizaa.com\/\",\"name\":\"Marketing Ibizaa\",\"description\":\"\",\"potentialAction\":[{\"@type\":\"SearchAction\",\"target\":{\"@type\":\"EntryPoint\",\"urlTemplate\":\"https:\/\/marketingibizaa.com\/?s={search_term_string}\"},\"query-input\":{\"@type\":\"PropertyValueSpecification\",\"valueRequired\":true,\"valueName\":\"search_term_string\"}}],\"inLanguage\":\"en-US\"}]}<\/script>\n<!-- \/ Yoast SEO plugin. -->","yoast_head_json":{"title":"Privacy Policy - Marketing Ibizaa","robots":{"index":"index","follow":"follow","max-snippet":"max-snippet:-1","max-image-preview":"max-image-preview:large","max-video-preview":"max-video-preview:-1"},"canonical":"https:\/\/marketingibizaa.com\/en\/politica-de-privacidad\/","og_locale":"en_US","og_type":"article","og_title":"Pol\u00edtica de Privacidad - Marketing Ibizaa","og_description":"Esta Pol\u00edtica de Privacidad regula el tratamiento y protecci\u00f3n de los datos de car\u00e1cter personal de los usuarios y clientes [&hellip;]","og_url":"https:\/\/marketingibizaa.com\/en\/politica-de-privacidad\/","og_site_name":"Marketing Ibizaa","article_modified_time":"2025-06-26T10:25:06+00:00","twitter_card":"summary_large_image","twitter_misc":{"Est. reading time":"4 minutes"},"schema":{"@context":"https:\/\/schema.org","@graph":[{"@type":"WebPage","@id":"https:\/\/marketingibizaa.com\/en\/politica-de-privacidad\/","url":"https:\/\/marketingibizaa.com\/en\/politica-de-privacidad\/","name":"Privacy Policy - Marketing Ibizaa","isPartOf":{"@id":"https:\/\/marketingibizaa.com\/#website"},"datePublished":"2025-06-26T10:25:05+00:00","dateModified":"2025-06-26T10:25:06+00:00","breadcrumb":{"@id":"https:\/\/marketingibizaa.com\/en\/politica-de-privacidad\/#breadcrumb"},"inLanguage":"en-US","potentialAction":[{"@type":"ReadAction","target":["https:\/\/marketingibizaa.com\/en\/politica-de-privacidad\/"]}]},{"@type":"BreadcrumbList","@id":"https:\/\/marketingibizaa.com\/en\/politica-de-privacidad\/#breadcrumb","itemListElement":[{"@type":"ListItem","position":1,"name":"Portada","item":"https:\/\/marketingibizaa.com\/"},{"@type":"ListItem","position":2,"name":"Pol\u00edtica de Privacidad"}]},{"@type":"WebSite","@id":"https:\/\/marketingibizaa.com\/#website","url":"https:\/\/marketingibizaa.com\/","name":"Marketing Ibizaa","description":"","potentialAction":[{"@type":"SearchAction","target":{"@type":"EntryPoint","urlTemplate":"https:\/\/marketingibizaa.com\/?s={search_term_string}"},"query-input":{"@type":"PropertyValueSpecification","valueRequired":true,"valueName":"search_term_string"}}],"inLanguage":"en-US"}]}},"uagb_featured_image_src":{"full":false,"thumbnail":false,"medium":false,"medium_large":false,"large":false,"1536x1536":false,"2048x2048":false,"trp-custom-language-flag":false},"uagb_author_info":{"display_name":"ALEJANDRO DE HABA 53763113S","author_link":"https:\/\/marketingibizaa.com\/en\/author\/gestionbiskitagencia-com\/"},"uagb_comment_info":0,"uagb_excerpt":"Esta Pol\u00edtica de Privacidad regula el tratamiento y protecci\u00f3n de los datos de car\u00e1cter personal de los usuarios y clientes [&hellip;]","_links":{"self":[{"href":"https:\/\/marketingibizaa.com\/en\/wp-json\/wp\/v2\/pages\/1365","targetHints":{"allow":["GET"]}}],"collection":[{"href":"https:\/\/marketingibizaa.com\/en\/wp-json\/wp\/v2\/pages"}],"about":[{"href":"https:\/\/marketingibizaa.com\/en\/wp-json\/wp\/v2\/types\/page"}],"author":[{"embeddable":true,"href":"https:\/\/marketingibizaa.com\/en\/wp-json\/wp\/v2\/users\/1"}],"replies":[{"embeddable":true,"href":"https:\/\/marketingibizaa.com\/en\/wp-json\/wp\/v2\/comments?post=1365"}],"version-history":[{"count":1,"href":"https:\/\/marketingibizaa.com\/en\/wp-json\/wp\/v2\/pages\/1365\/revisions"}],"predecessor-version":[{"id":1366,"href":"https:\/\/marketingibizaa.com\/en\/wp-json\/wp\/v2\/pages\/1365\/revisions\/1366"}],"wp:attachment":[{"href":"https:\/\/marketingibizaa.com\/en\/wp-json\/wp\/v2\/media?parent=1365"}],"curies":[{"name":"wp","href":"https:\/\/api.w.org\/{rel}","templated":true}]}}